{"id":1158,"date":"2018-08-30T13:29:08","date_gmt":"2018-08-30T16:29:08","guid":{"rendered":"https:\/\/ismenendezpidal-cba.infd.edu.ar\/sitio\/datos-institucionales\/"},"modified":"2023-05-11T16:48:22","modified_gmt":"2023-05-11T19:48:22","slug":"datos-institucionales","status":"publish","type":"page","link":"https:\/\/ismenendezpidal-cba.infd.edu.ar\/sitio\/datos-institucionales\/","title":{"rendered":"Datos institucionales"},"content":{"rendered":"<blockquote>\n<ul>\n<li><span style=\"font-family: verdana; font-size: 10pt;\">Instituto Superior \u00abRam\u00f3n Men\u00e9ndez Pidal\u00bb<br \/>\n<\/span><\/li>\n<li>Horario de atenci\u00f3n: de 7:30 a 23 hs.<\/li>\n<li>Garibaldi 50 &#8211; R\u00edo Cuarto &#8211; C\u00f3rdoba<\/li>\n<li>Tel\u00e9fono 4672919<\/li>\n<li><span style=\"font-family: verdana; font-size: 10pt;\">E-mail de consultas generales: <a href=\"mailto:isfdramonpidal50@gmail.com\" target=\"_blank\" rel=\"noopener noreferrer\" data-auth=\"NotApplicable\" data-linkindex=\"0\">isfdramonpidal50@gmail.com<\/a><\/span><\/li>\n<li><span style=\"font-family: verdana; font-size: 10pt;\">URL: <\/span><span style=\"font-family: Verdana; color: #000000; font-size: 10pt;\"> <a href=\"https:\/\/ismenendezpidal-cba.infd.edu.ar\/aula\/\" target=\"_blank\" rel=\"noopener\">http:\/\/ismenendezpidal.cba.infd.edu.ar<\/a><\/span><\/li>\n<li><span style=\"font-family: verdana; font-size: 10pt;\">E-mail de consultas Prof. de Educaci\u00f3n Primaria: <a href=\"mailto:profesoradoprimariamenendez@gmail.com\">profesoradoprimariamenendez@gmail.com<\/a><\/span><span style=\"font-family: verdana; font-size: 10pt;\">\u00a0<\/span><\/li>\n<li><span style=\"font-family: verdana; font-size: 10pt;\">E-mail de consultas Prof. de Educaci\u00f3n Secundaria en Psicolog\u00eda: <a href=\"mailto:coordinacion.psicologia2020@gmail.com\">coordinacion.psicologia2020@gmail.com<\/a>\u00a0<\/span><\/li>\n<\/ul>\n<\/blockquote>\n","protected":false},"excerpt":{"rendered":"<p>Instituto Superior \u00abRam\u00f3n Men\u00e9ndez Pidal\u00bb Horario de atenci\u00f3n: de 7:30 a 23 hs. Garibaldi 50 &#8211; R\u00edo Cuarto &#8211; C\u00f3rdoba Tel\u00e9fono 4672919 E-mail de consultas generales: isfdramonpidal50@gmail.com URL: http:\/\/ismenendezpidal.cba.infd.edu.ar E-mail de consultas Prof. de Educaci\u00f3n Primaria: profesoradoprimariamenendez@gmail.com\u00a0 E-mail de consultas Prof. de Educaci\u00f3n Secundaria en Psicolog\u00eda: coordinacion.psicologia2020@gmail.com\u00a0<\/p>\n","protected":false},"author":1309,"featured_media":0,"parent":0,"menu_order":0,"comment_status":"closed","ping_status":"closed","template":"","meta":[],"acf":[],"_links":{"self":[{"href":"https:\/\/ismenendezpidal-cba.infd.edu.ar\/sitio\/wp-json\/wp\/v2\/pages\/1158"}],"collection":[{"href":"https:\/\/ismenendezpidal-cba.infd.edu.ar\/sitio\/wp-json\/wp\/v2\/pages"}],"about":[{"href":"https:\/\/ismenendezpidal-cba.infd.edu.ar\/sitio\/wp-json\/wp\/v2\/types\/page"}],"author":[{"embeddable":true,"href":"https:\/\/ismenendezpidal-cba.infd.edu.ar\/sitio\/wp-json\/wp\/v2\/users\/1309"}],"replies":[{"embeddable":true,"href":"https:\/\/ismenendezpidal-cba.infd.edu.ar\/sitio\/wp-json\/wp\/v2\/comments?post=1158"}],"version-history":[{"count":7,"href":"https:\/\/ismenendezpidal-cba.infd.edu.ar\/sitio\/wp-json\/wp\/v2\/pages\/1158\/revisions"}],"predecessor-version":[{"id":1501,"href":"https:\/\/ismenendezpidal-cba.infd.edu.ar\/sitio\/wp-json\/wp\/v2\/pages\/1158\/revisions\/1501"}],"wp:attachment":[{"href":"https:\/\/ismenendezpidal-cba.infd.edu.ar\/sitio\/wp-json\/wp\/v2\/media?parent=1158"}],"curies":[{"name":"wp","href":"https:\/\/api.w.org\/{rel}","templated":true}]}}