{"id":1174,"date":"2018-08-30T13:29:15","date_gmt":"2018-08-30T16:29:15","guid":{"rendered":"https:\/\/ismenendezpidal-cba.infd.edu.ar\/sitio\/plan-de-estudio-3\/"},"modified":"2023-11-01T14:11:32","modified_gmt":"2023-11-01T17:11:32","slug":"plan-de-estudio-3","status":"publish","type":"page","link":"https:\/\/ismenendezpidal-cba.infd.edu.ar\/sitio\/plan-de-estudio-3\/","title":{"rendered":"Plan de Estudio"},"content":{"rendered":"<p><strong>PROFESORADO DE EDUCACI\u00d3N SECUNDARIA EN PSICOLOG\u00cdA<\/strong><\/p>\n<p><img decoding=\"async\" loading=\"lazy\" class=\"alignnone size-medium wp-image-1521\" src=\"https:\/\/ismenendezpidal-cba.infd.edu.ar\/sitio\/wp-content\/uploads\/2023\/11\/Imagen-de-WhatsApp-2023-10-31-a-las-20.23.56_858a21ef-1000x706.jpg\" alt=\"\" width=\"1000\" height=\"706\" srcset=\"https:\/\/ismenendezpidal-cba.infd.edu.ar\/sitio\/wp-content\/uploads\/2023\/11\/Imagen-de-WhatsApp-2023-10-31-a-las-20.23.56_858a21ef-1000x706.jpg 1000w, https:\/\/ismenendezpidal-cba.infd.edu.ar\/sitio\/wp-content\/uploads\/2023\/11\/Imagen-de-WhatsApp-2023-10-31-a-las-20.23.56_858a21ef-768x542.jpg 768w, https:\/\/ismenendezpidal-cba.infd.edu.ar\/sitio\/wp-content\/uploads\/2023\/11\/Imagen-de-WhatsApp-2023-10-31-a-las-20.23.56_858a21ef.jpg 1280w\" sizes=\"(max-width: 1000px) 100vw, 1000px\" \/><\/p>\n<table style=\"width: 100%;\" border=\"1\" cellspacing=\"0\" cellpadding=\"0\" align=\"left\">\n<tbody>\n<tr>\n<td colspan=\"6\" width=\"697\"><strong>PROFESORADO DE EDUCACI\u00d3N SECUNDARIA EN PSICOLOG\u00cdA: 1\u00ba A\u00d1O<\/strong><\/td>\n<\/tr>\n<tr>\n<td width=\"307\"><strong>CAMPOS DE LA FORMACI\u00d3N<\/strong><\/td>\n<td width=\"76\"><strong>Hs. C\u00e1tedra<\/strong><\/p>\n<p><strong>semanales<\/strong><\/td>\n<td width=\"76\"><strong>Hs. C\u00e1tedra anuales<\/strong><\/td>\n<td width=\"76\"><strong>Hs. asignadas para el Taller Integrador<\/strong><\/td>\n<td width=\"76\"><strong>Total hs. docente<\/strong><\/td>\n<td width=\"84\"><strong>Formato Curricular<\/strong><\/td>\n<\/tr>\n<tr>\n<td colspan=\"6\" width=\"697\"><strong>CAMPO DE LA FORMACI\u00d3N GENERAL<\/strong><\/td>\n<\/tr>\n<tr>\n<td width=\"307\"><strong>Pedagog\u00eda <\/strong><\/td>\n<td width=\"76\">4<\/td>\n<td width=\"76\">128<\/td>\n<td width=\"76\">0<\/td>\n<td width=\"76\">4<\/td>\n<td width=\"84\">Asignatura<\/p>\n<p>anual<\/td>\n<\/tr>\n<tr>\n<td width=\"307\"><strong>Problem\u00e1ticas Socioantropol\u00f3gicas en Educaci\u00f3n<\/strong><\/td>\n<td width=\"76\">3<\/td>\n<td width=\"76\">96<\/td>\n<td width=\"76\">1<\/td>\n<td width=\"76\">4<\/td>\n<td width=\"84\">Seminario<\/p>\n<p>Anual<\/td>\n<\/tr>\n<tr>\n<td width=\"307\"><strong>Sociolog\u00eda<\/strong><\/td>\n<td width=\"76\">3<\/td>\n<td width=\"76\">96<\/td>\n<td width=\"76\">0<\/td>\n<td width=\"76\">3<\/td>\n<td width=\"84\">Asignatura Anual<\/td>\n<\/tr>\n<tr>\n<td width=\"307\"><strong>Psicolog\u00eda y Educaci\u00f3n<\/strong><\/td>\n<td width=\"76\">4<\/td>\n<td width=\"76\">128<\/td>\n<td width=\"76\">0<\/td>\n<td width=\"76\">4<\/td>\n<td width=\"84\">Asignatura<\/p>\n<p>anual<\/td>\n<\/tr>\n<tr>\n<td colspan=\"6\" width=\"697\"><strong>CAMPO DE LA PR\u00c1CTICA DOCENTE<\/strong><\/td>\n<\/tr>\n<tr>\n<td rowspan=\"2\" width=\"307\"><strong>Pr\u00e1ctica Docente I:<\/strong><\/p>\n<p><strong>Contextos y Pr\u00e1cticas Educativas<\/strong><\/td>\n<td rowspan=\"2\" width=\"76\">3<\/td>\n<td rowspan=\"2\" width=\"76\">96<\/td>\n<td rowspan=\"2\" width=\"76\">1<\/td>\n<td rowspan=\"2\" width=\"76\">4<\/td>\n<td width=\"84\">Seminario<\/p>\n<p>Anual<\/td>\n<\/tr>\n<tr>\n<td width=\"84\">Taller Integrador<\/td>\n<\/tr>\n<tr>\n<td colspan=\"6\" width=\"697\"><strong>CAMPO DE LA FORMACI\u00d3N ESPEC\u00cdFICA<\/strong><\/td>\n<\/tr>\n<tr>\n<td width=\"307\"><strong>Introducci\u00f3n al Conocimiento Psicol\u00f3gico<\/strong><\/td>\n<td width=\"76\">4<\/td>\n<td width=\"76\">128<\/td>\n<td width=\"76\">1<\/td>\n<td width=\"76\">5<\/td>\n<td width=\"84\">Asignatura<\/p>\n<p>Anual<\/td>\n<\/tr>\n<tr>\n<td width=\"307\"><strong>Psicolog\u00eda de las Infancias<\/strong><\/td>\n<td width=\"76\">4<\/td>\n<td width=\"76\">128<\/td>\n<td width=\"76\">0<\/td>\n<td width=\"76\">4<\/td>\n<td width=\"84\">Seminario<\/p>\n<p>Anual<\/td>\n<\/tr>\n<tr>\n<td width=\"307\"><strong>Psicobiolog\u00eda<\/strong><\/td>\n<td width=\"76\">4<\/td>\n<td width=\"76\">128<\/td>\n<td width=\"76\">0<\/td>\n<td width=\"76\">4<\/td>\n<td width=\"84\">Asignatura<\/p>\n<p>Anual<\/td>\n<\/tr>\n<tr>\n<td width=\"307\"><strong>Total: 8 Unidades Curriculares<\/strong><\/td>\n<td width=\"76\"><strong>29<\/strong><\/td>\n<td width=\"76\"><strong>928<\/strong><\/td>\n<td width=\"76\"><strong>3<\/strong><\/td>\n<td width=\"76\"><strong>32<\/strong><\/td>\n<td width=\"84\"><strong>\u00a0<\/strong><\/td>\n<\/tr>\n<\/tbody>\n<\/table>\n<table style=\"width: 100%;\" border=\"1\" cellspacing=\"0\" cellpadding=\"0\" align=\"left\">\n<tbody>\n<tr>\n<td colspan=\"6\" width=\"697\"><strong>PROFESORADO DE EDUCACI\u00d3N SECUNDARIA EN PSICOLOG\u00cdA: 1\u00ba A\u00d1O<\/strong><\/td>\n<\/tr>\n<tr>\n<td width=\"307\"><strong>CAMPOS DE LA FORMACI\u00d3N<\/strong><\/td>\n<td width=\"76\"><strong>Hs. C\u00e1tedra<\/strong><\/p>\n<p><strong>semanales<\/strong><\/td>\n<td width=\"76\"><strong>Hs. C\u00e1tedra anuales<\/strong><\/td>\n<td width=\"76\"><strong>Hs. asignadas para el Taller Integrador<\/strong><\/td>\n<td width=\"76\"><strong>Total hs. docente<\/strong><\/td>\n<td width=\"84\"><strong>Formato Curricular<\/strong><\/td>\n<\/tr>\n<tr>\n<td colspan=\"6\" width=\"697\"><strong>CAMPO DE LA FORMACI\u00d3N GENERAL<\/strong><\/td>\n<\/tr>\n<tr>\n<td width=\"307\"><strong>Pedagog\u00eda <\/strong><\/td>\n<td width=\"76\">4<\/td>\n<td width=\"76\">128<\/td>\n<td width=\"76\">0<\/td>\n<td width=\"76\">4<\/td>\n<td width=\"84\">Asignatura<\/p>\n<p>anual<\/td>\n<\/tr>\n<tr>\n<td width=\"307\"><strong>Problem\u00e1ticas Socioantropol\u00f3gicas en Educaci\u00f3n<\/strong><\/td>\n<td width=\"76\">3<\/td>\n<td width=\"76\">96<\/td>\n<td width=\"76\">1<\/td>\n<td width=\"76\">4<\/td>\n<td width=\"84\">Seminario<\/p>\n<p>Anual<\/td>\n<\/tr>\n<tr>\n<td width=\"307\"><strong>Sociolog\u00eda<\/strong><\/td>\n<td width=\"76\">3<\/td>\n<td width=\"76\">96<\/td>\n<td width=\"76\">0<\/td>\n<td width=\"76\">3<\/td>\n<td width=\"84\">Asignatura Anual<\/td>\n<\/tr>\n<tr>\n<td width=\"307\"><strong>Psicolog\u00eda y Educaci\u00f3n<\/strong><\/td>\n<td width=\"76\">4<\/td>\n<td width=\"76\">128<\/td>\n<td width=\"76\">0<\/td>\n<td width=\"76\">4<\/td>\n<td width=\"84\">Asignatura<\/p>\n<p>anual<\/td>\n<\/tr>\n<tr>\n<td colspan=\"6\" width=\"697\"><strong>CAMPO DE LA PR\u00c1CTICA DOCENTE<\/strong><\/td>\n<\/tr>\n<tr>\n<td rowspan=\"2\" width=\"307\"><strong>Pr\u00e1ctica Docente I:<\/strong><\/p>\n<p><strong>Contextos y Pr\u00e1cticas Educativas<\/strong><\/td>\n<td rowspan=\"2\" width=\"76\">3<\/td>\n<td rowspan=\"2\" width=\"76\">96<\/td>\n<td rowspan=\"2\" width=\"76\">1<\/td>\n<td rowspan=\"2\" width=\"76\">4<\/td>\n<td width=\"84\">Seminario<\/p>\n<p>Anual<\/td>\n<\/tr>\n<tr>\n<td width=\"84\">Taller Integrador<\/td>\n<\/tr>\n<tr>\n<td colspan=\"6\" width=\"697\"><strong>CAMPO DE LA FORMACI\u00d3N ESPEC\u00cdFICA<\/strong><\/td>\n<\/tr>\n<tr>\n<td width=\"307\"><strong>Introducci\u00f3n al Conocimiento Psicol\u00f3gico<\/strong><\/td>\n<td width=\"76\">4<\/td>\n<td width=\"76\">128<\/td>\n<td width=\"76\">1<\/td>\n<td width=\"76\">5<\/td>\n<td width=\"84\">Asignatura<\/p>\n<p>Anual<\/td>\n<\/tr>\n<tr>\n<td width=\"307\"><strong>Psicolog\u00eda de las Infancias<\/strong><\/td>\n<td width=\"76\">4<\/td>\n<td width=\"76\">128<\/td>\n<td width=\"76\">0<\/td>\n<td width=\"76\">4<\/td>\n<td width=\"84\">Seminario<\/p>\n<p>Anual<\/td>\n<\/tr>\n<tr>\n<td width=\"307\"><strong>Psicobiolog\u00eda<\/strong><\/td>\n<td width=\"76\">4<\/td>\n<td width=\"76\">128<\/td>\n<td width=\"76\">0<\/td>\n<td width=\"76\">4<\/td>\n<td width=\"84\">Asignatura<\/p>\n<p>Anual<\/td>\n<\/tr>\n<tr>\n<td width=\"307\"><strong>\u00a0<\/strong><\/p>\n<p><strong>Total: 8 Unidades Curriculares<\/strong><\/td>\n<td width=\"76\"><strong>\u00a0<\/strong><\/p>\n<p><strong>29<\/strong><\/td>\n<td width=\"76\"><strong>\u00a0<\/strong><\/p>\n<p><strong>928<\/strong><\/td>\n<td width=\"76\"><strong>\u00a0<\/strong><\/p>\n<p><strong>3<\/strong><\/td>\n<td width=\"76\"><strong>\u00a0<\/strong><\/p>\n<p><strong>32<\/strong><\/td>\n<td width=\"84\"><strong>\u00a0<\/strong><\/td>\n<\/tr>\n<\/tbody>\n<\/table>\n<div>\n<table style=\"width: 100%;\" border=\"1\" cellspacing=\"0\" cellpadding=\"0\">\n<tbody>\n<tr>\n<td colspan=\"6\" valign=\"top\" width=\"695\"><strong>PROFESORADO DE EDUCACI\u00d3N SECUNDARIA EN PSICOLOG\u00cdA: 2\u00ba A\u00d1O<\/strong><\/td>\n<\/tr>\n<tr>\n<td valign=\"top\" width=\"270\"><strong>CAMPOS DE LA FORMACI\u00d3N <\/strong><\/td>\n<td valign=\"top\" width=\"76\"><strong>Hs. C\u00e1tedra semanales<\/strong><\/td>\n<td valign=\"top\" width=\"76\"><strong>Hs. C\u00e1tedra anuales<\/strong><\/td>\n<td valign=\"top\" width=\"76\"><strong>Hs. asignadas para el Taller Integrador<\/strong><\/td>\n<td valign=\"top\" width=\"76\"><strong>Total hs. docente<\/strong><\/td>\n<td valign=\"top\" width=\"120\"><strong>Formato curricular<\/strong><\/td>\n<\/tr>\n<tr>\n<td colspan=\"6\" valign=\"top\" width=\"695\"><strong>CAMPO DE LA FORMACI\u00d3N GENERAL<\/strong><\/td>\n<\/tr>\n<tr>\n<td valign=\"top\" width=\"270\"><strong>Did\u00e1ctica General<\/strong><\/td>\n<td valign=\"top\" width=\"76\">3<\/td>\n<td valign=\"top\" width=\"76\">96<\/td>\n<td valign=\"top\" width=\"76\">0<\/td>\n<td valign=\"top\" width=\"76\">3<\/td>\n<td valign=\"top\" width=\"120\">Asignatura<\/p>\n<p>anual<\/td>\n<\/tr>\n<tr>\n<td valign=\"top\" width=\"270\"><strong>Filosof\u00eda y Educaci\u00f3n<\/strong><\/td>\n<td valign=\"top\" width=\"76\">3<\/td>\n<td valign=\"top\" width=\"76\">96<\/td>\n<td valign=\"top\" width=\"76\">0<\/td>\n<td valign=\"top\" width=\"76\">3<\/td>\n<td valign=\"top\" width=\"120\">Asignatura<\/p>\n<p>anual<\/td>\n<\/tr>\n<tr>\n<td colspan=\"6\" valign=\"top\" width=\"695\"><strong>CAMPO DE LA PR\u00c1CTICA DOCENTE<\/strong><\/td>\n<\/tr>\n<tr>\n<td rowspan=\"2\" valign=\"top\" width=\"270\"><strong>Pr\u00e1ctica Docente II:<\/strong><\/p>\n<p><strong>Escuelas, Historias Documentadas y Cotidianeidad<\/strong><\/td>\n<td rowspan=\"2\" valign=\"top\" width=\"76\">4<\/td>\n<td rowspan=\"2\" valign=\"top\" width=\"76\">128<\/td>\n<td rowspan=\"2\" valign=\"top\" width=\"76\">1<\/td>\n<td rowspan=\"2\" valign=\"top\" width=\"76\">5<\/td>\n<td valign=\"top\" width=\"120\">Seminario<\/p>\n<p>anual<\/td>\n<\/tr>\n<tr>\n<td valign=\"top\" width=\"120\">Taller Integrador<\/td>\n<\/tr>\n<tr>\n<td colspan=\"6\" valign=\"top\" width=\"695\"><strong>CAMPO DE LA FORMACI\u00d3N ESPEC\u00cdFICA<\/strong><\/td>\n<\/tr>\n<tr>\n<td valign=\"top\" width=\"270\"><strong>Corrientes Psicol\u00f3gicas Contempor\u00e1neas<\/strong><\/td>\n<td valign=\"top\" width=\"76\">5<\/td>\n<td valign=\"top\" width=\"76\">160<\/td>\n<td valign=\"top\" width=\"76\">0<\/td>\n<td valign=\"top\" width=\"76\">5<\/td>\n<td valign=\"top\" width=\"120\">Asignatura<\/p>\n<p>anual<\/td>\n<\/tr>\n<tr>\n<td valign=\"top\" width=\"270\"><strong>Sujetos de la Educaci\u00f3n: Adolescencias y Juventudes<\/strong><\/td>\n<td valign=\"top\" width=\"76\">4<\/td>\n<td valign=\"top\" width=\"76\">128<\/td>\n<td valign=\"top\" width=\"76\">0<\/td>\n<td valign=\"top\" width=\"76\">4<\/td>\n<td valign=\"top\" width=\"120\">Seminario<\/p>\n<p>anual<\/td>\n<\/tr>\n<tr>\n<td valign=\"top\" width=\"270\"><strong>Psicolog\u00eda Social<\/strong><\/td>\n<td valign=\"top\" width=\"76\">4<\/td>\n<td valign=\"top\" width=\"76\">128<\/td>\n<td valign=\"top\" width=\"76\">1<\/td>\n<td valign=\"top\" width=\"76\">5<\/td>\n<td valign=\"top\" width=\"120\">Asignatura<\/p>\n<p>anual<\/td>\n<\/tr>\n<tr>\n<td valign=\"top\" width=\"270\"><strong>Neuropsicolog\u00eda<\/strong><\/td>\n<td valign=\"top\" width=\"76\">4<\/td>\n<td valign=\"top\" width=\"76\">128<\/td>\n<td valign=\"top\" width=\"76\">0<\/td>\n<td valign=\"top\" width=\"76\">4<\/td>\n<td valign=\"top\" width=\"120\">Asignatura<\/p>\n<p>anual<\/td>\n<\/tr>\n<tr>\n<td valign=\"top\" width=\"270\"><strong>Psicolog\u00eda y su Did\u00e1ctica I<\/strong><\/td>\n<td valign=\"top\" width=\"76\">3<\/td>\n<td valign=\"top\" width=\"76\">96<\/td>\n<td valign=\"top\" width=\"76\">1<\/td>\n<td valign=\"top\" width=\"76\">4<\/td>\n<td valign=\"top\" width=\"120\">Asignatura<\/p>\n<p>anual<\/td>\n<\/tr>\n<tr>\n<td valign=\"top\" width=\"270\"><strong>Unidad de Definici\u00f3n Institucional I<\/strong><\/td>\n<td valign=\"top\" width=\"76\">3<\/td>\n<td valign=\"top\" width=\"76\">96<\/td>\n<td valign=\"top\" width=\"76\">0<\/td>\n<td valign=\"top\" width=\"76\">3<\/td>\n<td valign=\"top\" width=\"120\"><\/td>\n<\/tr>\n<tr>\n<td valign=\"top\" width=\"270\"><strong>Total: 9 Unidades Curriculares<\/strong><\/td>\n<td valign=\"top\" width=\"76\"><strong>33<\/strong><\/td>\n<td valign=\"top\" width=\"76\"><strong>1056<\/strong><\/td>\n<td valign=\"top\" width=\"76\"><strong>3<\/strong><\/td>\n<td valign=\"top\" width=\"76\"><strong>36<\/strong><\/td>\n<td valign=\"top\" width=\"120\"><strong>\u00a0<\/strong><\/td>\n<\/tr>\n<\/tbody>\n<\/table>\n<\/div>\n<div>\n<table style=\"width: 100%;\" border=\"1\" cellspacing=\"0\" cellpadding=\"0\">\n<tbody>\n<tr>\n<td colspan=\"6\" valign=\"top\" width=\"689\"><strong>\u00a0<\/strong><\/p>\n<p><strong>PROFESORADO DE EDUCACI\u00d3N SECUNDARIA EN PSICOLOG\u00cdA: 3\u00ba A\u00d1O<\/strong><\/td>\n<\/tr>\n<tr>\n<td valign=\"top\" width=\"277\"><strong>\u00a0<\/strong><\/p>\n<p><strong>\u00a0<\/strong><\/p>\n<p><strong>CAMPOS DE LA FORMACI\u00d3N <\/strong><\/td>\n<td valign=\"top\" width=\"76\"><strong>\u00a0<\/strong><\/p>\n<p><strong>Hs. C\u00e1tedra semanales<\/strong><\/td>\n<td valign=\"top\" width=\"76\"><strong>\u00a0<\/strong><\/p>\n<p><strong>Hs. C\u00e1tedra anuales<\/strong><\/td>\n<td valign=\"top\" width=\"76\"><strong>\u00a0<\/strong><\/p>\n<p><strong>Hs. asignadas para el Taller Integrador<\/strong><\/td>\n<td valign=\"top\" width=\"76\"><strong>\u00a0<\/strong><\/p>\n<p><strong>Total hs. docente<\/strong><\/td>\n<td valign=\"top\" width=\"106\"><strong>\u00a0<\/strong><\/p>\n<p><strong>Formato curricular<\/strong><\/td>\n<\/tr>\n<tr>\n<td colspan=\"6\" valign=\"top\" width=\"689\"><strong>\u00a0<\/strong><\/p>\n<p><strong>CAMPO DE LA FORMACI\u00d3N GENERAL<\/strong><\/td>\n<\/tr>\n<tr>\n<td valign=\"top\" width=\"277\">\n<p><strong>Historia y Pol\u00edtica de la Educaci\u00f3n Argentina <\/strong><\/td>\n<td valign=\"top\" width=\"76\">\n<p>3<\/td>\n<td valign=\"top\" width=\"76\">\n<p>96<\/td>\n<td valign=\"top\" width=\"76\">\n<p>0<\/td>\n<td valign=\"top\" width=\"76\">\n<p>3<\/td>\n<td valign=\"top\" width=\"106\">\n<p>Asignatura<\/p>\n<p>Anual<\/td>\n<\/tr>\n<tr>\n<td colspan=\"6\" valign=\"top\" width=\"689\"><strong>\u00a0<\/strong><\/p>\n<p><strong>CAMPO DE LA PR\u00c1CTICA DOCENTE<\/strong><\/td>\n<\/tr>\n<tr>\n<td rowspan=\"2\" valign=\"top\" width=\"277\">\n<p><strong>\u00a0<\/strong><\/p>\n<p><strong>Pr\u00e1ctica Docente III:<\/strong><\/p>\n<p><strong>El Aula: Espacio del Aprender y del Ense\u00f1ar<\/strong><\/p>\n<p><strong>\u00a0<\/strong><\/td>\n<td rowspan=\"2\" valign=\"top\" width=\"76\">\n<p>5<\/td>\n<td rowspan=\"2\" valign=\"top\" width=\"76\">\n<p>160<\/td>\n<td rowspan=\"2\" valign=\"top\" width=\"76\">\n<p>1<\/td>\n<td rowspan=\"2\" valign=\"top\" width=\"76\">\n<p>6<\/td>\n<td valign=\"top\" width=\"106\">\n<p>Seminario y Tutor\u00edas<\/p>\n<p>Anuales<\/td>\n<\/tr>\n<tr>\n<td valign=\"top\" width=\"106\">Taller Integrador<\/td>\n<\/tr>\n<tr>\n<td colspan=\"6\" valign=\"top\" width=\"689\"><strong>\u00a0<\/strong><\/p>\n<p><strong>CAMPO DE LA FORMACI\u00d3N ESPEC\u00cdFICA<\/strong><\/td>\n<\/tr>\n<tr>\n<td valign=\"top\" width=\"277\"><strong>\u00a0<\/strong><\/p>\n<p><strong>Seminario de\u00a0 Psicoan\u00e1lisis<\/strong><\/td>\n<td valign=\"top\" width=\"76\">\n<p>5<\/td>\n<td valign=\"top\" width=\"76\">\n<p>160<\/td>\n<td valign=\"top\" width=\"76\">\n<p>0<\/td>\n<td valign=\"top\" width=\"76\">\n<p>5<\/td>\n<td valign=\"top\" width=\"106\">\n<p>Seminario<\/p>\n<p>anual<\/td>\n<\/tr>\n<tr>\n<td valign=\"top\" width=\"277\"><strong>\u00a0<\/strong><\/p>\n<p><strong>Psicolog\u00eda Social Comunitaria <\/strong><\/td>\n<td valign=\"top\" width=\"76\">\n<p>4<\/td>\n<td valign=\"top\" width=\"76\">\n<p>128<\/td>\n<td valign=\"top\" width=\"76\">\n<p>0<\/td>\n<td valign=\"top\" width=\"76\">\n<p>4<\/td>\n<td valign=\"top\" width=\"106\">\n<p>Seminario<\/p>\n<p>anual<\/td>\n<\/tr>\n<tr>\n<td valign=\"top\" width=\"277\"><strong>\u00a0<\/strong><\/p>\n<p><strong>\u00a0Epistemolog\u00eda de la Psicolog\u00eda <\/strong><\/td>\n<td valign=\"top\" width=\"76\">\n<p>4<\/td>\n<td valign=\"top\" width=\"76\">\n<p>128<\/td>\n<td valign=\"top\" width=\"76\">\n<p>1<\/td>\n<td valign=\"top\" width=\"76\">\n<p>5<\/td>\n<td valign=\"top\" width=\"106\">\n<p>Asignatura<\/p>\n<p>anual<\/td>\n<\/tr>\n<tr>\n<td valign=\"top\" width=\"277\"><strong>\u00a0<\/strong><\/p>\n<p><strong>Psicolog\u00eda Educacional<\/strong><\/td>\n<td valign=\"top\" width=\"76\">\n<p>3<\/td>\n<td valign=\"top\" width=\"76\">\n<p>96<\/td>\n<td valign=\"top\" width=\"76\">\n<p>1<\/td>\n<td valign=\"top\" width=\"76\">\n<p>4<\/td>\n<td valign=\"top\" width=\"106\">\n<p>Seminario<\/p>\n<p>anual<\/td>\n<\/tr>\n<tr>\n<td valign=\"top\" width=\"277\"><strong>\u00a0<\/strong><\/p>\n<p><strong>Psicolog\u00eda y su Did\u00e1ctica II<\/strong><\/td>\n<td valign=\"top\" width=\"76\">\n<p>3<\/td>\n<td valign=\"top\" width=\"76\">\n<p>96<\/td>\n<td valign=\"top\" width=\"76\">\n<p>0<\/td>\n<td valign=\"top\" width=\"76\">\n<p>3<\/td>\n<td valign=\"top\" width=\"106\">\n<p>Asignatura<\/p>\n<p>anual<\/td>\n<\/tr>\n<tr>\n<td valign=\"top\" width=\"277\"><strong>\u00a0<\/strong><\/p>\n<p><strong>Educaci\u00f3n Sexual Integral<\/strong><\/td>\n<td valign=\"top\" width=\"76\">\n<p>3<\/td>\n<td valign=\"top\" width=\"76\">\n<p>96<\/td>\n<td valign=\"top\" width=\"76\">\n<p>0<\/td>\n<td valign=\"top\" width=\"76\">\n<p>3<\/td>\n<td valign=\"top\" width=\"106\">\n<p>Seminario<\/p>\n<p>anual<\/td>\n<\/tr>\n<tr>\n<td valign=\"top\" width=\"277\"><strong>\u00a0<\/strong><\/p>\n<p><strong>Unidad de Definici\u00f3n Institucional II<\/strong><\/td>\n<td valign=\"top\" width=\"76\">\n<p>3<\/td>\n<td valign=\"top\" width=\"76\">\n<p>96<\/td>\n<td valign=\"top\" width=\"76\">\n<p>0<\/td>\n<td valign=\"top\" width=\"76\">\n<p>3<\/td>\n<td valign=\"top\" width=\"106\"><\/td>\n<\/tr>\n<tr>\n<td valign=\"top\" width=\"277\"><strong>\u00a0<\/strong><\/p>\n<p><strong>Total: 9 Unidades Curriculares<\/strong><\/td>\n<td valign=\"top\" width=\"76\"><strong>\u00a0<\/strong><\/p>\n<p><strong>33<\/strong><\/td>\n<td valign=\"top\" width=\"76\"><strong>\u00a0<\/strong><\/p>\n<p><strong>1056<\/strong><\/td>\n<td valign=\"top\" width=\"76\"><strong>\u00a0<\/strong><\/p>\n<p><strong>3<\/strong><\/td>\n<td valign=\"top\" width=\"76\"><strong>\u00a0<\/strong><\/p>\n<p><strong>36<\/strong><\/td>\n<td valign=\"top\" width=\"106\"><strong>\u00a0<\/strong><\/td>\n<\/tr>\n<\/tbody>\n<\/table>\n<\/div>\n<div>\n<table style=\"width: 100%;\" border=\"1\" cellspacing=\"0\" cellpadding=\"0\">\n<tbody>\n<tr>\n<td colspan=\"10\" valign=\"top\" width=\"679\"><strong>\u00a0<\/strong><\/p>\n<p><strong>PROFESORADO DE EDUCACI\u00d3N SECUNDARIA EN PSICOLOG\u00cdA: 4\u00ba A\u00d1O<\/strong><\/td>\n<\/tr>\n<tr>\n<td valign=\"top\" width=\"276\"><strong>\u00a0<\/strong><\/p>\n<p><strong>\u00a0<\/strong><\/p>\n<p><strong>CAMPOS DE LA FORMACI\u00d3N<\/strong><\/td>\n<td colspan=\"2\" valign=\"top\" width=\"76\"><strong>\u00a0<\/strong><\/p>\n<p><strong>Hs. C\u00e1tedra semanales<\/strong><\/td>\n<td colspan=\"3\" valign=\"top\" width=\"76\"><strong>\u00a0<\/strong><\/p>\n<p><strong>Hs. C\u00e1tedra anuales<\/strong><\/td>\n<td valign=\"top\" width=\"76\"><strong>\u00a0<\/strong><\/p>\n<p><strong>Hs. asignadas para el Taller Integrador<\/strong><\/td>\n<td colspan=\"2\" valign=\"top\" width=\"76\"><strong>\u00a0<\/strong><\/p>\n<p><strong>Total hs.<\/strong><\/p>\n<p><strong>docente<\/strong><\/td>\n<td valign=\"top\" width=\"97\"><strong>\u00a0<\/strong><\/p>\n<p><strong>Formato curricular<\/strong><\/td>\n<\/tr>\n<tr>\n<td colspan=\"10\" valign=\"top\" width=\"679\">\n<p><strong>CAMPO DE LA FORMACI\u00d3N GENERAL<\/strong><\/td>\n<\/tr>\n<tr>\n<td colspan=\"2\" valign=\"top\" width=\"282\">\n<p><strong>\u00c9tica y Construcci\u00f3n de Ciudadan\u00eda<\/strong><\/td>\n<td colspan=\"2\" valign=\"top\" width=\"72\">\n<p>3<\/td>\n<td valign=\"top\" width=\"72\">\n<p>96<\/td>\n<td colspan=\"3\" valign=\"top\" width=\"84\">\n<p>0<\/td>\n<td valign=\"top\" width=\"72\">\n<p>3<\/td>\n<td valign=\"top\" width=\"97\"><strong>\u00a0<\/strong><\/p>\n<p>Seminario<\/p>\n<p>anual<\/td>\n<\/tr>\n<tr>\n<td colspan=\"2\" valign=\"top\" width=\"282\">\n<p><strong>Problem\u00e1ticas y Desaf\u00edos de la Educaci\u00f3n<\/strong><\/td>\n<td colspan=\"2\" valign=\"top\" width=\"72\">\n<p>3<\/td>\n<td valign=\"top\" width=\"72\">\n<p>96<\/td>\n<td colspan=\"3\" valign=\"top\" width=\"84\">\n<p>0<\/td>\n<td valign=\"top\" width=\"72\">\n<p>3<\/td>\n<td valign=\"top\" width=\"97\"><strong>\u00a0<\/strong><\/p>\n<p>Seminario<\/p>\n<p>anual<\/td>\n<\/tr>\n<tr>\n<td colspan=\"10\" valign=\"top\" width=\"679\"><strong>\u00a0<\/strong><\/p>\n<p><strong>CAMPO DE LA PR\u00c1CTICA DOCENTE<\/strong><\/td>\n<\/tr>\n<tr>\n<td rowspan=\"2\" valign=\"top\" width=\"276\">\n<p><strong>\u00a0<\/strong><\/p>\n<p><strong>\u00a0<\/strong><\/p>\n<p><strong>Pr\u00e1ctica Docente IV y Residencia<\/strong><\/td>\n<td colspan=\"2\" rowspan=\"2\" valign=\"top\" width=\"76\">\n<p>8<\/td>\n<td colspan=\"3\" rowspan=\"2\" valign=\"top\" width=\"76\">\n<p>256<\/td>\n<td rowspan=\"2\" valign=\"top\" width=\"76\">\n<p>2<\/td>\n<td colspan=\"2\" rowspan=\"2\" valign=\"top\" width=\"76\">\n<p>10<\/td>\n<td valign=\"top\" width=\"97\">\n<p>Seminario y Tutor\u00edas<\/p>\n<p>anuales<\/td>\n<\/tr>\n<tr>\n<td valign=\"top\" width=\"97\">Taller Integrador<\/td>\n<\/tr>\n<tr>\n<td colspan=\"10\" valign=\"top\" width=\"679\"><strong>\u00a0<\/strong><\/p>\n<p><strong>CAMPO DE LA FORMACI\u00d3N ESPEC\u00cdFICA<\/strong><\/td>\n<\/tr>\n<tr>\n<td valign=\"top\" width=\"276\"><strong>\u00a0<\/strong><\/p>\n<p><strong>Psicolog\u00eda Institucional<\/strong><\/td>\n<td colspan=\"2\" valign=\"top\" width=\"76\">\n<p>3<\/td>\n<td colspan=\"3\" valign=\"top\" width=\"76\">\n<p>96<\/td>\n<td valign=\"top\" width=\"76\">\n<p>1<\/td>\n<td colspan=\"2\" valign=\"top\" width=\"76\">\n<p>4<\/td>\n<td valign=\"top\" width=\"97\">\n<p>Asignatura<\/p>\n<p>anual<\/td>\n<\/tr>\n<tr>\n<td valign=\"top\" width=\"276\"><strong>\u00a0<\/strong><\/p>\n<p><strong>Metodolog\u00eda de la Investigaci\u00f3n<\/strong><\/td>\n<td colspan=\"2\" valign=\"top\" width=\"76\">\n<p>3<\/td>\n<td colspan=\"3\" valign=\"top\" width=\"76\">\n<p>96<\/td>\n<td valign=\"top\" width=\"76\">\n<p>0<\/td>\n<td colspan=\"2\" valign=\"top\" width=\"76\">\n<p>3<\/td>\n<td valign=\"top\" width=\"97\">\n<p>Taller<\/p>\n<p>anual<\/td>\n<\/tr>\n<tr>\n<td valign=\"top\" width=\"276\"><strong>\u00a0<\/strong><\/p>\n<p><strong>Salud P\u00fablica y Salud mental<\/strong><\/td>\n<td colspan=\"2\" valign=\"top\" width=\"76\">\n<p>4<\/td>\n<td colspan=\"3\" valign=\"top\" width=\"76\">\n<p>128<\/td>\n<td valign=\"top\" width=\"76\">\n<p>0<\/td>\n<td colspan=\"2\" valign=\"top\" width=\"76\">\n<p>4<\/td>\n<td valign=\"top\" width=\"97\">\n<p>Asignatura<\/p>\n<p>anual<\/td>\n<\/tr>\n<tr>\n<td valign=\"top\" width=\"276\"><strong>\u00a0<\/strong><\/p>\n<p><strong>Problem\u00e1ticas Contempor\u00e1neas y Subjetividad<\/strong><\/td>\n<td colspan=\"2\" valign=\"top\" width=\"76\">\n<p>3<\/td>\n<td colspan=\"3\" valign=\"top\" width=\"76\">\n<p>96<\/td>\n<td valign=\"top\" width=\"76\">\n<p>1<\/td>\n<td colspan=\"2\" valign=\"top\" width=\"76\">\n<p>4<\/td>\n<td valign=\"top\" width=\"97\">\n<p>Seminario<\/p>\n<p>anual<\/td>\n<\/tr>\n<tr>\n<td valign=\"top\" width=\"276\"><strong>\u00a0<\/strong><\/p>\n<p><strong>Unidad de Definici\u00f3n Institucional III<\/strong><\/td>\n<td colspan=\"2\" valign=\"top\" width=\"76\">\n<p>3<\/td>\n<td colspan=\"3\" valign=\"top\" width=\"76\">\n<p>96<\/td>\n<td valign=\"top\" width=\"76\">\n<p>0<\/td>\n<td colspan=\"2\" valign=\"top\" width=\"76\">\n<p>3<\/td>\n<td valign=\"top\" width=\"97\"><\/td>\n<\/tr>\n<tr>\n<td valign=\"top\" width=\"276\">\n<p><strong>Total: 8 Unidades Curriculares<\/strong><\/td>\n<td colspan=\"2\" valign=\"top\" width=\"76\"><strong>\u00a0<\/strong><\/p>\n<p><strong>30<\/strong><\/td>\n<td colspan=\"3\" valign=\"top\" width=\"76\"><strong>\u00a0<\/strong><\/p>\n<p><strong>960<\/strong><\/td>\n<td valign=\"top\" width=\"76\"><strong>\u00a0<\/strong><\/p>\n<p><strong>3<\/strong><\/td>\n<td colspan=\"2\" valign=\"top\" width=\"76\"><strong>\u00a0<\/strong><\/p>\n<p><strong>33<\/strong><\/td>\n<td valign=\"top\" width=\"97\"><\/td>\n<\/tr>\n<tr>\n<td width=\"276\"><\/td>\n<td width=\"6\"><\/td>\n<td width=\"71\"><\/td>\n<td width=\"1\"><\/td>\n<td width=\"72\"><\/td>\n<td width=\"3\"><\/td>\n<td width=\"76\"><\/td>\n<td width=\"4\"><\/td>\n<td width=\"72\"><\/td>\n<td width=\"97\"><\/td>\n<\/tr>\n<\/tbody>\n<\/table>\n<\/div>\n","protected":false},"excerpt":{"rendered":"<p>PROFESORADO DE EDUCACI\u00d3N SECUNDARIA EN PSICOLOG\u00cdA PROFESORADO DE EDUCACI\u00d3N SECUNDARIA EN PSICOLOG\u00cdA: 1\u00ba A\u00d1O CAMPOS DE LA FORMACI\u00d3N Hs. C\u00e1tedra semanales Hs. C\u00e1tedra anuales Hs. asignadas para el Taller Integrador Total hs. docente Formato Curricular CAMPO DE LA FORMACI\u00d3N GENERAL Pedagog\u00eda 4 128 0 4 Asignatura anual Problem\u00e1ticas Socioantropol\u00f3gicas en Educaci\u00f3n 3 96 1 4 &#8230; <a title=\"Plan de Estudio\" class=\"read-more\" href=\"https:\/\/ismenendezpidal-cba.infd.edu.ar\/sitio\/plan-de-estudio-3\/\" aria-label=\"More on Plan de Estudio\">[+]<\/a><\/p>\n","protected":false},"author":1309,"featured_media":0,"parent":0,"menu_order":0,"comment_status":"closed","ping_status":"closed","template":"","meta":[],"acf":[],"_links":{"self":[{"href":"https:\/\/ismenendezpidal-cba.infd.edu.ar\/sitio\/wp-json\/wp\/v2\/pages\/1174"}],"collection":[{"href":"https:\/\/ismenendezpidal-cba.infd.edu.ar\/sitio\/wp-json\/wp\/v2\/pages"}],"about":[{"href":"https:\/\/ismenendezpidal-cba.infd.edu.ar\/sitio\/wp-json\/wp\/v2\/types\/page"}],"author":[{"embeddable":true,"href":"https:\/\/ismenendezpidal-cba.infd.edu.ar\/sitio\/wp-json\/wp\/v2\/users\/1309"}],"replies":[{"embeddable":true,"href":"https:\/\/ismenendezpidal-cba.infd.edu.ar\/sitio\/wp-json\/wp\/v2\/comments?post=1174"}],"version-history":[{"count":2,"href":"https:\/\/ismenendezpidal-cba.infd.edu.ar\/sitio\/wp-json\/wp\/v2\/pages\/1174\/revisions"}],"predecessor-version":[{"id":1523,"href":"https:\/\/ismenendezpidal-cba.infd.edu.ar\/sitio\/wp-json\/wp\/v2\/pages\/1174\/revisions\/1523"}],"wp:attachment":[{"href":"https:\/\/ismenendezpidal-cba.infd.edu.ar\/sitio\/wp-json\/wp\/v2\/media?parent=1174"}],"curies":[{"name":"wp","href":"https:\/\/api.w.org\/{rel}","templated":true}]}}