{"id":1297,"date":"2020-06-04T12:15:19","date_gmt":"2020-06-04T15:15:19","guid":{"rendered":"https:\/\/ismenendezpidal-cba.infd.edu.ar\/sitio\/?page_id=1297"},"modified":"2020-12-11T18:02:29","modified_gmt":"2020-12-11T21:02:29","slug":"convocatoria-horas-catedras","status":"publish","type":"page","link":"https:\/\/ismenendezpidal-cba.infd.edu.ar\/sitio\/convocatoria-horas-catedras\/","title":{"rendered":"Convocatoria Horas Catedras"},"content":{"rendered":"<p><strong>Convocatoria Vigente desde el 17\/11\/2020 al 19\/11\/2020<\/strong><\/p>\n<p>&nbsp;<\/p>\n<p><strong>Instituto Superior Ram\u00f3n\u00a0 Men\u00e9ndez Pidal<\/strong><\/p>\n<p><strong>Carrera:<\/strong> Profesorado de Educaci\u00f3n Primaria.<\/p>\n<p><strong>Espacio curricular:<\/strong>\u00a0(A76833) Ciencias Sociales y su Did\u00e1ctica I<\/p>\n<p><strong>Car\u00e1cter:<\/strong> Suplente<\/p>\n<p><strong>Curso\/Divisi\u00f3n: <\/strong>2\u00b0 A<\/p>\n<p><strong>Carga horaria:<\/strong>\u00a0 \u00a04 hs C\u00e1tedras<\/p>\n<p><strong>D\u00edas y horario de desempe\u00f1o:\u00a0\u00a0<\/strong>Martes de 15:45 a 16:25 de 16:30 a 17:10 de 17:10 a 17:50 de 17:50 a 18:30<\/p>\n<p><strong>Causal de la vacante: <\/strong>Licencia Corto Tratamiento<\/p>\n<p>&nbsp;<\/p>\n<p><strong>Convocatoria Vigente desde el 22\/10\/2020 al 26\/10\/2020<\/strong><\/p>\n<p><a href=\"https:\/\/ismenendezpidal-cba.infd.edu.ar\/sitio\/wp-content\/uploads\/2020\/12\/ACTA-DICTAMEN-C-Sociales-y-su-did\u00e1ctica-I-.pdf\">ACTA-DICTAMEN- C-Sociales y su did\u00e1ctica I<\/a><\/p>\n<p><a href=\"https:\/\/ismenendezpidal-cba.infd.edu.ar\/sitio\/wp-content\/uploads\/2020\/11\/ACTA-DICTAMEN-SEMINARIO-II-Div-A.pdf\">ACTA-DICTAMEN-SEMINARIO II Div A<\/a><\/p>\n<p><a href=\"https:\/\/ismenendezpidal-cba.infd.edu.ar\/sitio\/wp-content\/uploads\/2020\/11\/ACTA-DICTAMEN-SEMINARIO-II-Div.-B.pdf\">ACTA-DICTAMEN-SEMINARIO II Div. B<\/a><\/p>\n<p><a href=\"https:\/\/ismenendezpidal-cba.infd.edu.ar\/sitio\/wp-content\/uploads\/2020\/11\/ACTA-DICTAMEN-CS-SOC-Y-SU-DID\u00c1CTICA-I.pdf\">ACTA-DICTAMEN-CS-SOC Y SU DID\u00c1CTICA I<\/a><a href=\"https:\/\/ismenendezpidal-cba.infd.edu.ar\/sitio\/wp-content\/uploads\/2020\/11\/ACTA-DICTAMEN-Cs-Naturales-y-su-Did\u00e1ctica-I-Div.A-.pdf\">ACTA-<\/a><\/p>\n<p><a href=\"https:\/\/ismenendezpidal-cba.infd.edu.ar\/sitio\/wp-content\/uploads\/2020\/11\/ACTA-DICTAMEN-Cs-Naturales-y-su-Did\u00e1ctica-I-Div.A-.pdf\">DICTAMEN- Cs Naturales y su Did\u00e1ctica I (Div.A) !!!<\/a><\/p>\n<p><a href=\"https:\/\/ismenendezpidal-cba.infd.edu.ar\/sitio\/wp-content\/uploads\/2020\/11\/ACTA-DICTAMEN-Cs-Naturales-y-su-Did\u00e1ctica-I-Div.B-.pdf\">ACTA-DICTAMEN- Cs Naturales y su Did\u00e1ctica I (Div.B) !!!<\/a><\/p>\n<p><a href=\"https:\/\/ismenendezpidal-cba.infd.edu.ar\/sitio\/wp-content\/uploads\/2020\/11\/ACTA-DICTAMEN-FILOSOF\u00cdA-Y-EDUCACI\u00d3N-1.pdf\">ACTA-DICTAMEN-FILOSOF\u00cdA Y EDUCACI\u00d3N !! (1)<\/a><\/p>\n<p><a href=\"https:\/\/ismenendezpidal-cba.infd.edu.ar\/sitio\/wp-content\/uploads\/2020\/11\/ACTA-DICTAMEN-Problem\u00e1tica-Socio-Antropol\u00f3gica-.pdf\">ACTA-DICTAMEN-Problem\u00e1tica-Socio-Antropol\u00f3gica !!!<\/a><\/p>\n<p>&nbsp;<\/p>\n<p><strong>Instituto Superior Ram\u00f3n\u00a0 Men\u00e9ndez Pidal<\/strong><\/p>\n<p><strong>Carrera:<\/strong> Profesorado de Educaci\u00f3n Primaria.<\/p>\n<p><strong>Espacio curricular:<\/strong>\u00a0(A76833) Ciencias Sociales y su Did\u00e1ctica I<\/p>\n<p><strong>Car\u00e1cter:<\/strong> Suplente<\/p>\n<p><strong>Curso\/Divisi\u00f3n: <\/strong>2\u00b0 A<\/p>\n<p><strong>Carga horaria:<\/strong>\u00a0 \u00a04 hs C\u00e1tedras<\/p>\n<p><strong>D\u00edas y horario de desempe\u00f1o:\u00a0\u00a0<\/strong>Martes de 15:45 a 16:25 de 16:30 a 17:10 de 17:10 a 17:50 de 17:50 a 18:30<\/p>\n<p><strong>Causal de la vacante: <\/strong>Licencia Corto Tratamiento<\/p>\n<p>&nbsp;<\/p>\n<p><strong>Instituto Superior Ram\u00f3n\u00a0 Men\u00e9ndez Pidal<\/strong><\/p>\n<p><strong>Carrera: <\/strong>Profesorado de Educaci\u00f3n Primaria.<\/p>\n<p><strong>Espacio Curricular:<\/strong>\u00a0(A 76820) Filosof\u00eda y Educaci\u00f3n<\/p>\n<p><strong>Car\u00e1cter:<\/strong>\u00a0Interino<\/p>\n<p><strong>Curso\/Divisi\u00f3n:<\/strong>\u00a02\u00b0 B<\/p>\n<p><strong>Carga horaria:<\/strong>\u00a03 hs C\u00e1tedras<\/p>\n<p><strong>D\u00edas y horario de desempe\u00f1o:<\/strong>\u00a0\u00a0Mi\u00e9rcoles de 08:00 a 08:40 de 08:40 a 09:20 de 09:20 a 10:00<\/p>\n<p><strong>Causal de la vacante:\u00a0<\/strong>Baja por Jubilaci\u00f3n Ordinaria<\/p>\n<p>&nbsp;<\/p>\n<p><strong>Instituto Superior Ram\u00f3n\u00a0 Men\u00e9ndez Pidal<\/strong><\/p>\n<p><strong>Carrera: <\/strong>Profesorado de Educaci\u00f3n Primaria.<\/p>\n<p><strong>Espacio curricular<\/strong>:\u00a0\u00a0(A76832) Ciencias Naturales y su Did\u00e1ctica I<\/p>\n<p><strong>Car\u00e1cter:<\/strong> Suplente<\/p>\n<p><strong>Curso\/Divisi\u00f3n: <\/strong>2\u00b0 A<\/p>\n<p><strong>Carga horaria: <\/strong>4\u00a0 hs C\u00e1tedras<\/p>\n<p><strong>D\u00edas y horario de desempe\u00f1o:\u00a0<\/strong>Lunes de 15:45 a 16:25 de 16:30 a 17:10 de 17:10 a 17:50 de 17:50 a 18:30<\/p>\n<p><strong>Causal de la vacante: <\/strong>Licencia Corto Tratamiento<\/p>\n<p>&nbsp;<\/p>\n<p><strong>Instituto Superior Ram\u00f3n\u00a0 Men\u00e9ndez Pidal<\/strong><\/p>\n<p><strong>Carrera: <\/strong>Profesorado de Educaci\u00f3n Primaria.<\/p>\n<p><strong>Espacio curricular<\/strong>:\u00a0(A76832) Ciencias Naturales y su Did\u00e1ctica I<\/p>\n<p><strong>Car\u00e1cter:<\/strong> Suplente<\/p>\n<p><strong>Curso\/Divisi\u00f3n:<\/strong> 2\u00b0 B<\/p>\n<p><strong>Carga horaria: <\/strong>4\u00a0 hs C\u00e1tedras<\/p>\n<p><strong>D\u00edas y horario de desempe\u00f1o:\u00a0<\/strong>Martes de 9:20 a 10:00 de 10:00 a 10:40 de 10:40 a 11:20 de 11:20 a 12:00<\/p>\n<p><strong>Causal de la vacante: <\/strong>Licencia Corto Tratamiento<\/p>\n<p>&nbsp;<\/p>\n<p><strong>Instituto Superior Ram\u00f3n\u00a0 Men\u00e9ndez Pidal<\/strong><\/p>\n<p><strong>Carrera: <\/strong>Profesorado de Educaci\u00f3n Secundaria en Psicolog\u00eda.<\/p>\n<p><strong>Espacio Curricular:<\/strong>\u00a0(A76036) Problem\u00e1ticas\u00a0 Socioantropol\u00f3gica en Educaci\u00f3n<\/p>\n<p><strong>Car\u00e1cter:<\/strong>\u00a0Interino<\/p>\n<p><strong>Curso\/Divisi\u00f3n:<\/strong>\u00a01\u00b0 U<\/p>\n<p><strong>Carga horaria:<\/strong>\u00a04\u00a0 hs C\u00e1tedras<\/p>\n<p><strong>D\u00edas y horario de desempe\u00f1o:<\/strong>\u00a0\u00a0Mi\u00e9rcoles de 18:00 a 18:40 de 18:40 a 19:20 de 19:20 a 20:00 de 20:00 a 20:40<\/p>\n<p><strong>Causal de la vacante:\u00a0<\/strong>Baja por Jubilaci\u00f3n Ordinaria<\/p>\n<p>&nbsp;<\/p>\n<p><strong>Convocatoria Vigente desde el 27\/10\/2020 al 29\/10\/2020<\/strong><\/p>\n<p>&nbsp;<\/p>\n<p><strong>Instituto Superior Ram\u00f3n\u00a0 Men\u00e9ndez Pidal<\/strong><\/p>\n<p><strong>Carrera:<\/strong> Profesorado de Educaci\u00f3n Primaria.<\/p>\n<p><strong>Espacio curricular:<\/strong>\u00a0(A77256) Seminario II: La Ense\u00f1anza en la EPJA<\/p>\n<p><strong>Car\u00e1cter:<\/strong> Suplente<\/p>\n<p><strong>Curso\/Divisi\u00f3n: 3<\/strong>\u00b0 A<\/p>\n<p><strong>Carga horaria:<\/strong>\u00a0 \u00a04 hs C\u00e1tedras<\/p>\n<p><strong>D\u00edas y horario de desempe\u00f1o:\u00a0<\/strong>Lunes de 15:45 a 16:25 de 16:30 a 17:10 de 17:10 a 17:50 de 17:50 a 18:30<\/p>\n<p><strong>\u00a0<\/strong><strong>Causal de la vacante: <\/strong>Licencia Corto Tratamiento<\/p>\n<p>&nbsp;<\/p>\n<p><strong>Instituto Superior Ram\u00f3n\u00a0 Men\u00e9ndez Pidal<\/strong><\/p>\n<p><strong>Carrera:<\/strong> Profesorado de Educaci\u00f3n Primaria.<\/p>\n<p><strong>Espacio curricular:<\/strong>\u00a0(A77256) Seminario II: La Ense\u00f1anza en la EPJA<\/p>\n<p><strong>Car\u00e1cter:<\/strong> Suplente<\/p>\n<p><strong>Curso\/Divisi\u00f3n: 3<\/strong>\u00b0 B<\/p>\n<p><strong>Carga horaria:<\/strong>\u00a0 \u00a04 hs C\u00e1tedras<\/p>\n<p><strong>D\u00edas y horario de desempe\u00f1o:\u00a0<\/strong>Lunes de 10:00 a 10:40 de 10:40 a 11:20 de 11:20 a 12:00 de 12:00 a 12:40<\/p>\n<p><strong>\u00a0<\/strong><strong>Causal de la vacante: <\/strong>Licencia Corto Tratamiento<\/p>\n<p>&nbsp;<\/p>\n<p><strong>Observaciones:<\/strong> Designaci\u00f3n por Resoluci\u00f3n Ministerial 194\/20 y Memo 01\/20<\/p>\n<p><b>Por Inscripci\u00f3n\u00a0a las convocatorias, enviar la siguiente documentaci\u00f3n\u00a0a: <\/b><\/p>\n<p><strong>ismenendezpidal@gmail.com<\/strong><\/p>\n<p><strong>Informaci\u00f3n para el Postulante:\u00a0<a href=\"https:\/\/ismenendezpidal-cba.infd.edu.ar\/sitio\/wp-content\/uploads\/2020\/06\/Informaci\u00f3n-Postulante.pdf\">Informaci\u00f3n-Postulante<\/a><\/strong><\/p>\n<p><strong>Formulario de Inscripci\u00f3n:\u00a0<a href=\"https:\/\/ismenendezpidal-cba.infd.edu.ar\/sitio\/wp-content\/uploads\/2020\/06\/Form_Insc_194-2020.doc\">Form_Insc_194-2020<\/a><\/strong><\/p>\n<p><strong>Modelo de CV.:\u00a0<a href=\"https:\/\/ismenendezpidal-cba.infd.edu.ar\/sitio\/wp-content\/uploads\/2020\/06\/Formato-CV-\u00faltimo.doc\">Formato CV ( \u00faltimo)<\/a><\/strong><\/p>\n<p>&nbsp;<\/p>\n<p>&nbsp;<\/p>\n<p>&nbsp;<\/p>\n","protected":false},"excerpt":{"rendered":"<p>Convocatoria Vigente desde el 17\/11\/2020 al 19\/11\/2020 &nbsp; Instituto Superior Ram\u00f3n\u00a0 Men\u00e9ndez Pidal Carrera: Profesorado de Educaci\u00f3n Primaria. Espacio curricular:\u00a0(A76833) Ciencias Sociales y su Did\u00e1ctica I Car\u00e1cter: Suplente Curso\/Divisi\u00f3n: 2\u00b0 A Carga horaria:\u00a0 \u00a04 hs C\u00e1tedras D\u00edas y horario de desempe\u00f1o:\u00a0\u00a0Martes de 15:45 a 16:25 de 16:30 a 17:10 de 17:10 a 17:50 de 17:50 &#8230; <a title=\"Convocatoria Horas Catedras\" class=\"read-more\" href=\"https:\/\/ismenendezpidal-cba.infd.edu.ar\/sitio\/convocatoria-horas-catedras\/\" aria-label=\"More on Convocatoria Horas Catedras\">[+]<\/a><\/p>\n","protected":false},"author":1309,"featured_media":0,"parent":0,"menu_order":0,"comment_status":"closed","ping_status":"closed","template":"","meta":[],"acf":[],"_links":{"self":[{"href":"https:\/\/ismenendezpidal-cba.infd.edu.ar\/sitio\/wp-json\/wp\/v2\/pages\/1297"}],"collection":[{"href":"https:\/\/ismenendezpidal-cba.infd.edu.ar\/sitio\/wp-json\/wp\/v2\/pages"}],"about":[{"href":"https:\/\/ismenendezpidal-cba.infd.edu.ar\/sitio\/wp-json\/wp\/v2\/types\/page"}],"author":[{"embeddable":true,"href":"https:\/\/ismenendezpidal-cba.infd.edu.ar\/sitio\/wp-json\/wp\/v2\/users\/1309"}],"replies":[{"embeddable":true,"href":"https:\/\/ismenendezpidal-cba.infd.edu.ar\/sitio\/wp-json\/wp\/v2\/comments?post=1297"}],"version-history":[{"count":16,"href":"https:\/\/ismenendezpidal-cba.infd.edu.ar\/sitio\/wp-json\/wp\/v2\/pages\/1297\/revisions"}],"predecessor-version":[{"id":1377,"href":"https:\/\/ismenendezpidal-cba.infd.edu.ar\/sitio\/wp-json\/wp\/v2\/pages\/1297\/revisions\/1377"}],"wp:attachment":[{"href":"https:\/\/ismenendezpidal-cba.infd.edu.ar\/sitio\/wp-json\/wp\/v2\/media?parent=1297"}],"curies":[{"name":"wp","href":"https:\/\/api.w.org\/{rel}","templated":true}]}}